{"id":6169,"date":"2023-05-21T00:40:54","date_gmt":"2023-05-21T00:40:54","guid":{"rendered":"https:\/\/www.rentacarscanner.com\/prenotazioni-di-noleggio-auto-da\/"},"modified":"2025-07-08T16:28:50","modified_gmt":"2025-07-08T16:28:50","slug":"rentacarscanner-2","status":"publish","type":"page","link":"https:\/\/www.rentacarscanner.com\/da\/","title":{"rendered":"Find Din Lejebil Nemt"},"content":{"rendered":"<div id=\"cs-content\" class=\"cs-content\"><\/div>\n","protected":false},"excerpt":{"rendered":"<p>Vores Biler CityCar\u00d8konomibilerKompaktbilerMellemklasseStandardbilerFullsizeSUVMinivanMinibusVores Biludlejningsfirmaer Global d\u00e6kning: over 450 udlejningsfirmaer i mere end 80 landeSammenlign priser p\u00e5 billeje over hele verden Det er nemt og hurtigt at leje en bil hos rentacarscanner.com. Vores s\u00f8gemaskine sammenligner priser fra over 450 biludlejningsfirmaer som Avis, Hertz, Europcar, Budget, Sixt og mange flere. P\u00e5 f\u00e5 sekunder kan du finde de bedste tilbud p\u00e5 billeje, alt &#8230; <a href=\"https:\/\/www.rentacarscanner.com\/da\/\" class=\"more-link\">Read More<\/a><\/p>\n","protected":false},"author":1,"featured_media":0,"parent":0,"menu_order":0,"comment_status":"closed","ping_status":"closed","template":"template-blank-4.php","meta":{"footnotes":""},"class_list":["post-6169","page","type-page","status-publish","hentry","no-post-thumbnail"],"yoast_head":"<!-- This site is optimized with the Yoast SEO plugin v27.4 - https:\/\/yoast.com\/product\/yoast-seo-wordpress\/ -->\n<title>Sammenlign Billeje \u2013 Find og Book din Lejebil til Bedste Pris<\/title>\n<meta name=\"description\" content=\"Sammenlign priser p\u00e5 billeje fra alle udlejere i \u00e9t klik. Book din lejebil nemt og sikkert online og spar penge p\u00e5 din n\u00e6ste rejse.\" \/>\n<meta name=\"robots\" content=\"index, follow, max-snippet:-1, max-image-preview:large, max-video-preview:-1\" \/>\n<link rel=\"canonical\" href=\"https:\/\/www.rentacarscanner.com\/da\/\" \/>\n<meta property=\"og:locale\" content=\"da_DK\" \/>\n<meta property=\"og:type\" content=\"article\" \/>\n<meta property=\"og:title\" content=\"Sammenlign Billeje \u2013 Find og Book din Lejebil til Bedste Pris\" \/>\n<meta property=\"og:description\" content=\"Sammenlign priser p\u00e5 billeje fra alle udlejere i \u00e9t klik. Book din lejebil nemt og sikkert online og spar penge p\u00e5 din n\u00e6ste rejse.\" \/>\n<meta property=\"og:url\" content=\"https:\/\/www.rentacarscanner.com\/da\/\" \/>\n<meta property=\"og:site_name\" content=\"Rentacarscanner\" \/>\n<meta property=\"article:modified_time\" content=\"2025-07-08T16:28:50+00:00\" \/>\n<meta name=\"twitter:card\" content=\"summary_large_image\" \/>\n<meta name=\"twitter:label1\" content=\"Estimeret l\u00e6setid\" \/>\n\t<meta name=\"twitter:data1\" content=\"4 minutter\" \/>\n<script type=\"application\/ld+json\" class=\"yoast-schema-graph\">{\"@context\":\"https:\\\/\\\/schema.org\",\"@graph\":[{\"@type\":\"WebPage\",\"@id\":\"https:\\\/\\\/www.rentacarscanner.com\\\/da\\\/\",\"url\":\"https:\\\/\\\/www.rentacarscanner.com\\\/da\\\/\",\"name\":\"Sammenlign Billeje \u2013 Find og Book din Lejebil til Bedste Pris\",\"isPartOf\":{\"@id\":\"https:\\\/\\\/www.rentacarscanner.com\\\/da\\\/#website\"},\"datePublished\":\"2023-05-21T00:40:54+00:00\",\"dateModified\":\"2025-07-08T16:28:50+00:00\",\"description\":\"Sammenlign priser p\u00e5 billeje fra alle udlejere i \u00e9t klik. Book din lejebil nemt og sikkert online og spar penge p\u00e5 din n\u00e6ste rejse.\",\"breadcrumb\":{\"@id\":\"https:\\\/\\\/www.rentacarscanner.com\\\/da\\\/#breadcrumb\"},\"inLanguage\":\"da-DK\",\"potentialAction\":[{\"@type\":\"ReadAction\",\"target\":[\"https:\\\/\\\/www.rentacarscanner.com\\\/da\\\/\"]}]},{\"@type\":\"BreadcrumbList\",\"@id\":\"https:\\\/\\\/www.rentacarscanner.com\\\/da\\\/#breadcrumb\",\"itemListElement\":[{\"@type\":\"ListItem\",\"position\":1,\"name\":\"Home\",\"item\":\"https:\\\/\\\/www.rentacarscanner.com\\\/da\\\/rentacarscanner-2\\\/\"},{\"@type\":\"ListItem\",\"position\":2,\"name\":\"Find Din Lejebil Nemt\"}]},{\"@type\":\"WebSite\",\"@id\":\"https:\\\/\\\/www.rentacarscanner.com\\\/da\\\/#website\",\"url\":\"https:\\\/\\\/www.rentacarscanner.com\\\/da\\\/\",\"name\":\"Rentacarscanner\",\"description\":\"Worldwide Car Rental Bookings\",\"potentialAction\":[{\"@type\":\"SearchAction\",\"target\":{\"@type\":\"EntryPoint\",\"urlTemplate\":\"https:\\\/\\\/www.rentacarscanner.com\\\/da\\\/?s={search_term_string}\"},\"query-input\":{\"@type\":\"PropertyValueSpecification\",\"valueRequired\":true,\"valueName\":\"search_term_string\"}}],\"inLanguage\":\"da-DK\"}]}<\/script>\n<!-- \/ Yoast SEO plugin. -->","yoast_head_json":{"title":"Sammenlign Billeje \u2013 Find og Book din Lejebil til Bedste Pris","description":"Sammenlign priser p\u00e5 billeje fra alle udlejere i \u00e9t klik. Book din lejebil nemt og sikkert online og spar penge p\u00e5 din n\u00e6ste rejse.","robots":{"index":"index","follow":"follow","max-snippet":"max-snippet:-1","max-image-preview":"max-image-preview:large","max-video-preview":"max-video-preview:-1"},"canonical":"https:\/\/www.rentacarscanner.com\/da\/","og_locale":"da_DK","og_type":"article","og_title":"Sammenlign Billeje \u2013 Find og Book din Lejebil til Bedste Pris","og_description":"Sammenlign priser p\u00e5 billeje fra alle udlejere i \u00e9t klik. Book din lejebil nemt og sikkert online og spar penge p\u00e5 din n\u00e6ste rejse.","og_url":"https:\/\/www.rentacarscanner.com\/da\/","og_site_name":"Rentacarscanner","article_modified_time":"2025-07-08T16:28:50+00:00","twitter_card":"summary_large_image","twitter_misc":{"Estimeret l\u00e6setid":"4 minutter"},"schema":{"@context":"https:\/\/schema.org","@graph":[{"@type":"WebPage","@id":"https:\/\/www.rentacarscanner.com\/da\/","url":"https:\/\/www.rentacarscanner.com\/da\/","name":"Sammenlign Billeje \u2013 Find og Book din Lejebil til Bedste Pris","isPartOf":{"@id":"https:\/\/www.rentacarscanner.com\/da\/#website"},"datePublished":"2023-05-21T00:40:54+00:00","dateModified":"2025-07-08T16:28:50+00:00","description":"Sammenlign priser p\u00e5 billeje fra alle udlejere i \u00e9t klik. Book din lejebil nemt og sikkert online og spar penge p\u00e5 din n\u00e6ste rejse.","breadcrumb":{"@id":"https:\/\/www.rentacarscanner.com\/da\/#breadcrumb"},"inLanguage":"da-DK","potentialAction":[{"@type":"ReadAction","target":["https:\/\/www.rentacarscanner.com\/da\/"]}]},{"@type":"BreadcrumbList","@id":"https:\/\/www.rentacarscanner.com\/da\/#breadcrumb","itemListElement":[{"@type":"ListItem","position":1,"name":"Home","item":"https:\/\/www.rentacarscanner.com\/da\/rentacarscanner-2\/"},{"@type":"ListItem","position":2,"name":"Find Din Lejebil Nemt"}]},{"@type":"WebSite","@id":"https:\/\/www.rentacarscanner.com\/da\/#website","url":"https:\/\/www.rentacarscanner.com\/da\/","name":"Rentacarscanner","description":"Worldwide Car Rental Bookings","potentialAction":[{"@type":"SearchAction","target":{"@type":"EntryPoint","urlTemplate":"https:\/\/www.rentacarscanner.com\/da\/?s={search_term_string}"},"query-input":{"@type":"PropertyValueSpecification","valueRequired":true,"valueName":"search_term_string"}}],"inLanguage":"da-DK"}]}},"_links":{"self":[{"href":"https:\/\/www.rentacarscanner.com\/da\/wp-json\/wp\/v2\/pages\/6169","targetHints":{"allow":["GET"]}}],"collection":[{"href":"https:\/\/www.rentacarscanner.com\/da\/wp-json\/wp\/v2\/pages"}],"about":[{"href":"https:\/\/www.rentacarscanner.com\/da\/wp-json\/wp\/v2\/types\/page"}],"author":[{"embeddable":true,"href":"https:\/\/www.rentacarscanner.com\/da\/wp-json\/wp\/v2\/users\/1"}],"replies":[{"embeddable":true,"href":"https:\/\/www.rentacarscanner.com\/da\/wp-json\/wp\/v2\/comments?post=6169"}],"version-history":[{"count":6,"href":"https:\/\/www.rentacarscanner.com\/da\/wp-json\/wp\/v2\/pages\/6169\/revisions"}],"predecessor-version":[{"id":6252,"href":"https:\/\/www.rentacarscanner.com\/da\/wp-json\/wp\/v2\/pages\/6169\/revisions\/6252"}],"wp:attachment":[{"href":"https:\/\/www.rentacarscanner.com\/da\/wp-json\/wp\/v2\/media?parent=6169"}],"curies":[{"name":"wp","href":"https:\/\/api.w.org\/{rel}","templated":true}]}}