{"id":6144,"date":"2023-05-21T00:40:54","date_gmt":"2023-05-21T00:40:54","guid":{"rendered":"https:\/\/www.rentacarscanner.com\/worldwide-car-rental-bookings-ru-es\/"},"modified":"2025-06-11T19:24:04","modified_gmt":"2025-06-11T19:24:04","slug":"rentacarscanner-2","status":"publish","type":"page","link":"https:\/\/www.rentacarscanner.com\/es\/","title":{"rendered":"Alquiler de Coches Barato"},"content":{"rendered":"<div id=\"cs-content\" class=\"cs-content\"><\/div>\n","protected":false},"excerpt":{"rendered":"<p>Nuestros Veh\u00edculos CityCarEcon\u00f3micosCompactosMidsizeStandardFullsizeSUV7 Plazas9 PlazasNuestros Rent a Car Cobertura global: m\u00e1s de 450 proveedores de alquiler en m\u00e1s de 80 pa\u00edsesCompara precios de alquiler de coches en todo el mundo Alquilar un coche nunca fue tan f\u00e1cil y econ\u00f3mico. En nuestro sitio puedes comparar precios entre m\u00e1s de 450 compa\u00f1\u00edas de alquiler de coches, tanto internacionales como locales. Trabajamos con &#8230; <a href=\"https:\/\/www.rentacarscanner.com\/es\/\" class=\"more-link\">Read More<\/a><\/p>\n","protected":false},"author":1,"featured_media":0,"parent":0,"menu_order":0,"comment_status":"closed","ping_status":"closed","template":"template-blank-4.php","meta":{"footnotes":""},"class_list":["post-6144","page","type-page","status-publish","hentry","no-post-thumbnail"],"yoast_head":"<!-- This site is optimized with the Yoast SEO plugin v27.4 - https:\/\/yoast.com\/product\/yoast-seo-wordpress\/ -->\n<title>Alquiler de Coches Barato - \u00a1Reserva Ahora! - Rentacarscanner<\/title>\n<meta name=\"description\" content=\"Compara las tarifas de m\u00e1s de 250 rent a car y reserva con la mejor tarifa garantizada en m\u00e1s de 25.000 destinos mundiales.\" \/>\n<meta name=\"robots\" content=\"index, follow, max-snippet:-1, max-image-preview:large, max-video-preview:-1\" \/>\n<link rel=\"canonical\" href=\"https:\/\/www.rentacarscanner.com\/es\/\" \/>\n<meta property=\"og:locale\" content=\"es_ES\" \/>\n<meta property=\"og:type\" content=\"article\" \/>\n<meta property=\"og:title\" content=\"Alquiler de Coches Barato - \u00a1Reserva Ahora! - Rentacarscanner\" \/>\n<meta property=\"og:description\" content=\"Compara las tarifas de m\u00e1s de 250 rent a car y reserva con la mejor tarifa garantizada en m\u00e1s de 25.000 destinos mundiales.\" \/>\n<meta property=\"og:url\" content=\"https:\/\/www.rentacarscanner.com\/es\/\" \/>\n<meta property=\"og:site_name\" content=\"Rentacarscanner\" \/>\n<meta property=\"article:modified_time\" content=\"2025-06-11T19:24:04+00:00\" \/>\n<meta name=\"twitter:card\" content=\"summary_large_image\" \/>\n<meta name=\"twitter:label1\" content=\"Tiempo de lectura\" \/>\n\t<meta name=\"twitter:data1\" content=\"7 minutos\" \/>\n<script type=\"application\/ld+json\" class=\"yoast-schema-graph\">{\"@context\":\"https:\\\/\\\/schema.org\",\"@graph\":[{\"@type\":\"WebPage\",\"@id\":\"https:\\\/\\\/www.rentacarscanner.com\\\/es\\\/\",\"url\":\"https:\\\/\\\/www.rentacarscanner.com\\\/es\\\/\",\"name\":\"Alquiler de Coches Barato - \u00a1Reserva Ahora! - Rentacarscanner\",\"isPartOf\":{\"@id\":\"https:\\\/\\\/www.rentacarscanner.com\\\/es\\\/#website\"},\"datePublished\":\"2023-05-21T00:40:54+00:00\",\"dateModified\":\"2025-06-11T19:24:04+00:00\",\"description\":\"Compara las tarifas de m\u00e1s de 250 rent a car y reserva con la mejor tarifa garantizada en m\u00e1s de 25.000 destinos mundiales.\",\"breadcrumb\":{\"@id\":\"https:\\\/\\\/www.rentacarscanner.com\\\/es\\\/#breadcrumb\"},\"inLanguage\":\"es\",\"potentialAction\":[{\"@type\":\"ReadAction\",\"target\":[\"https:\\\/\\\/www.rentacarscanner.com\\\/es\\\/\"]}]},{\"@type\":\"BreadcrumbList\",\"@id\":\"https:\\\/\\\/www.rentacarscanner.com\\\/es\\\/#breadcrumb\",\"itemListElement\":[{\"@type\":\"ListItem\",\"position\":1,\"name\":\"Home\",\"item\":\"https:\\\/\\\/www.rentacarscanner.com\\\/es\\\/\"},{\"@type\":\"ListItem\",\"position\":2,\"name\":\"Alquiler de Coches Barato\"}]},{\"@type\":\"WebSite\",\"@id\":\"https:\\\/\\\/www.rentacarscanner.com\\\/es\\\/#website\",\"url\":\"https:\\\/\\\/www.rentacarscanner.com\\\/es\\\/\",\"name\":\"Rentacarscanner\",\"description\":\"Worldwide Car Rental Bookings\",\"potentialAction\":[{\"@type\":\"SearchAction\",\"target\":{\"@type\":\"EntryPoint\",\"urlTemplate\":\"https:\\\/\\\/www.rentacarscanner.com\\\/es\\\/?s={search_term_string}\"},\"query-input\":{\"@type\":\"PropertyValueSpecification\",\"valueRequired\":true,\"valueName\":\"search_term_string\"}}],\"inLanguage\":\"es\"}]}<\/script>\n<!-- \/ Yoast SEO plugin. -->","yoast_head_json":{"title":"Alquiler de Coches Barato - \u00a1Reserva Ahora! - Rentacarscanner","description":"Compara las tarifas de m\u00e1s de 250 rent a car y reserva con la mejor tarifa garantizada en m\u00e1s de 25.000 destinos mundiales.","robots":{"index":"index","follow":"follow","max-snippet":"max-snippet:-1","max-image-preview":"max-image-preview:large","max-video-preview":"max-video-preview:-1"},"canonical":"https:\/\/www.rentacarscanner.com\/es\/","og_locale":"es_ES","og_type":"article","og_title":"Alquiler de Coches Barato - \u00a1Reserva Ahora! - Rentacarscanner","og_description":"Compara las tarifas de m\u00e1s de 250 rent a car y reserva con la mejor tarifa garantizada en m\u00e1s de 25.000 destinos mundiales.","og_url":"https:\/\/www.rentacarscanner.com\/es\/","og_site_name":"Rentacarscanner","article_modified_time":"2025-06-11T19:24:04+00:00","twitter_card":"summary_large_image","twitter_misc":{"Tiempo de lectura":"7 minutos"},"schema":{"@context":"https:\/\/schema.org","@graph":[{"@type":"WebPage","@id":"https:\/\/www.rentacarscanner.com\/es\/","url":"https:\/\/www.rentacarscanner.com\/es\/","name":"Alquiler de Coches Barato - \u00a1Reserva Ahora! - Rentacarscanner","isPartOf":{"@id":"https:\/\/www.rentacarscanner.com\/es\/#website"},"datePublished":"2023-05-21T00:40:54+00:00","dateModified":"2025-06-11T19:24:04+00:00","description":"Compara las tarifas de m\u00e1s de 250 rent a car y reserva con la mejor tarifa garantizada en m\u00e1s de 25.000 destinos mundiales.","breadcrumb":{"@id":"https:\/\/www.rentacarscanner.com\/es\/#breadcrumb"},"inLanguage":"es","potentialAction":[{"@type":"ReadAction","target":["https:\/\/www.rentacarscanner.com\/es\/"]}]},{"@type":"BreadcrumbList","@id":"https:\/\/www.rentacarscanner.com\/es\/#breadcrumb","itemListElement":[{"@type":"ListItem","position":1,"name":"Home","item":"https:\/\/www.rentacarscanner.com\/es\/"},{"@type":"ListItem","position":2,"name":"Alquiler de Coches Barato"}]},{"@type":"WebSite","@id":"https:\/\/www.rentacarscanner.com\/es\/#website","url":"https:\/\/www.rentacarscanner.com\/es\/","name":"Rentacarscanner","description":"Worldwide Car Rental Bookings","potentialAction":[{"@type":"SearchAction","target":{"@type":"EntryPoint","urlTemplate":"https:\/\/www.rentacarscanner.com\/es\/?s={search_term_string}"},"query-input":{"@type":"PropertyValueSpecification","valueRequired":true,"valueName":"search_term_string"}}],"inLanguage":"es"}]}},"_links":{"self":[{"href":"https:\/\/www.rentacarscanner.com\/es\/wp-json\/wp\/v2\/pages\/6144","targetHints":{"allow":["GET"]}}],"collection":[{"href":"https:\/\/www.rentacarscanner.com\/es\/wp-json\/wp\/v2\/pages"}],"about":[{"href":"https:\/\/www.rentacarscanner.com\/es\/wp-json\/wp\/v2\/types\/page"}],"author":[{"embeddable":true,"href":"https:\/\/www.rentacarscanner.com\/es\/wp-json\/wp\/v2\/users\/1"}],"replies":[{"embeddable":true,"href":"https:\/\/www.rentacarscanner.com\/es\/wp-json\/wp\/v2\/comments?post=6144"}],"version-history":[{"count":5,"href":"https:\/\/www.rentacarscanner.com\/es\/wp-json\/wp\/v2\/pages\/6144\/revisions"}],"predecessor-version":[{"id":6159,"href":"https:\/\/www.rentacarscanner.com\/es\/wp-json\/wp\/v2\/pages\/6144\/revisions\/6159"}],"wp:attachment":[{"href":"https:\/\/www.rentacarscanner.com\/es\/wp-json\/wp\/v2\/media?parent=6144"}],"curies":[{"name":"wp","href":"https:\/\/api.w.org\/{rel}","templated":true}]}}