{"id":6242,"date":"2023-05-21T00:40:54","date_gmt":"2023-05-21T00:40:54","guid":{"rendered":"https:\/\/www.rentacarscanner.com\/prenotazioni-di-noleggio-auto-fi\/"},"modified":"2025-07-08T16:26:10","modified_gmt":"2025-07-08T16:26:10","slug":"rentacarscanner-2","status":"publish","type":"page","link":"https:\/\/www.rentacarscanner.com\/fi\/","title":{"rendered":"L\u00f6yd\u00e4 Ja Varaa T\u00e4ydellinen Vuokra-Auto"},"content":{"rendered":"<div id=\"cs-content\" class=\"cs-content\"><\/div>\n","protected":false},"excerpt":{"rendered":"<p>Vuokra-automme KaupunkiautoEconomiautotPienetKeskikokoisetVakioautoIsot autotMaastoautotPakettiautotMinibussitVuokraamomme Maailmanlaajuinen kattavuus: yli 450 vuokrauspalvelua yli 80 maassaL\u00f6yd\u00e4 t\u00e4ydellinen vuokra-auto helposti ja nopeasti Vuokra-auton l\u00f6yt\u00e4minen voi joskus tuntua hankalalta, mutta Rentacarscannerin avulla se on vaivatonta ja nopeaa. Tarjoamme sinulle p\u00e4\u00e4syn yli 800 vuokrausyrityksen tarjouksiin eri puolilta maailmaa, joten voit vertailla hintoja ja l\u00f6yt\u00e4\u00e4 juuri sinulle sopivan auton vaivattomasti. Olipa tarpeesi sitten pieni kaupunkiauto tai tilava SUV perhelomalle, &#8230; <a href=\"https:\/\/www.rentacarscanner.com\/fi\/\" class=\"more-link\">Read More<\/a><\/p>\n","protected":false},"author":1,"featured_media":0,"parent":0,"menu_order":0,"comment_status":"closed","ping_status":"closed","template":"template-blank-4.php","meta":{"footnotes":""},"class_list":["post-6242","page","type-page","status-publish","hentry","no-post-thumbnail"],"yoast_head":"<!-- This site is optimized with the Yoast SEO plugin v27.4 - https:\/\/yoast.com\/product\/yoast-seo-wordpress\/ -->\n<title>L\u00f6yd\u00e4 Paras Vuokra-Auto \u2013 Helppo Ja Nopea Varaus<\/title>\n<meta name=\"description\" content=\"Vertaile hintoja ja varaa vuokra-auto sekunneissa Rentacarscannerilla. Laaja valikoima, kilpailukykyiset hinnat ja varaus 80 maassa.\" \/>\n<meta name=\"robots\" content=\"index, follow, max-snippet:-1, max-image-preview:large, max-video-preview:-1\" \/>\n<link rel=\"canonical\" href=\"https:\/\/www.rentacarscanner.com\/fi\/\" \/>\n<meta property=\"og:locale\" content=\"fi_FI\" \/>\n<meta property=\"og:type\" content=\"article\" \/>\n<meta property=\"og:title\" content=\"L\u00f6yd\u00e4 Paras Vuokra-Auto \u2013 Helppo Ja Nopea Varaus\" \/>\n<meta property=\"og:description\" content=\"Vertaile hintoja ja varaa vuokra-auto sekunneissa Rentacarscannerilla. Laaja valikoima, kilpailukykyiset hinnat ja varaus 80 maassa.\" \/>\n<meta property=\"og:url\" content=\"https:\/\/www.rentacarscanner.com\/fi\/\" \/>\n<meta property=\"og:site_name\" content=\"Rentacarscanner\" \/>\n<meta property=\"article:modified_time\" content=\"2025-07-08T16:26:10+00:00\" \/>\n<meta name=\"twitter:card\" content=\"summary_large_image\" \/>\n<meta name=\"twitter:label1\" content=\"Arvioitu lukuaika\" \/>\n\t<meta name=\"twitter:data1\" content=\"3 minuuttia\" \/>\n<script type=\"application\/ld+json\" class=\"yoast-schema-graph\">{\"@context\":\"https:\\\/\\\/schema.org\",\"@graph\":[{\"@type\":\"WebPage\",\"@id\":\"https:\\\/\\\/www.rentacarscanner.com\\\/fi\\\/\",\"url\":\"https:\\\/\\\/www.rentacarscanner.com\\\/fi\\\/\",\"name\":\"L\u00f6yd\u00e4 Paras Vuokra-Auto \u2013 Helppo Ja Nopea Varaus\",\"isPartOf\":{\"@id\":\"https:\\\/\\\/www.rentacarscanner.com\\\/fi\\\/#website\"},\"datePublished\":\"2023-05-21T00:40:54+00:00\",\"dateModified\":\"2025-07-08T16:26:10+00:00\",\"description\":\"Vertaile hintoja ja varaa vuokra-auto sekunneissa Rentacarscannerilla. Laaja valikoima, kilpailukykyiset hinnat ja varaus 80 maassa.\",\"breadcrumb\":{\"@id\":\"https:\\\/\\\/www.rentacarscanner.com\\\/fi\\\/#breadcrumb\"},\"inLanguage\":\"fi\",\"potentialAction\":[{\"@type\":\"ReadAction\",\"target\":[\"https:\\\/\\\/www.rentacarscanner.com\\\/fi\\\/\"]}]},{\"@type\":\"BreadcrumbList\",\"@id\":\"https:\\\/\\\/www.rentacarscanner.com\\\/fi\\\/#breadcrumb\",\"itemListElement\":[{\"@type\":\"ListItem\",\"position\":1,\"name\":\"Home\",\"item\":\"https:\\\/\\\/www.rentacarscanner.com\\\/fi\\\/\"},{\"@type\":\"ListItem\",\"position\":2,\"name\":\"L\u00f6yd\u00e4 Ja Varaa T\u00e4ydellinen Vuokra-Auto\"}]},{\"@type\":\"WebSite\",\"@id\":\"https:\\\/\\\/www.rentacarscanner.com\\\/fi\\\/#website\",\"url\":\"https:\\\/\\\/www.rentacarscanner.com\\\/fi\\\/\",\"name\":\"Rentacarscanner\",\"description\":\"Worldwide Car Rental Bookings\",\"potentialAction\":[{\"@type\":\"SearchAction\",\"target\":{\"@type\":\"EntryPoint\",\"urlTemplate\":\"https:\\\/\\\/www.rentacarscanner.com\\\/fi\\\/?s={search_term_string}\"},\"query-input\":{\"@type\":\"PropertyValueSpecification\",\"valueRequired\":true,\"valueName\":\"search_term_string\"}}],\"inLanguage\":\"fi\"}]}<\/script>\n<!-- \/ Yoast SEO plugin. -->","yoast_head_json":{"title":"L\u00f6yd\u00e4 Paras Vuokra-Auto \u2013 Helppo Ja Nopea Varaus","description":"Vertaile hintoja ja varaa vuokra-auto sekunneissa Rentacarscannerilla. Laaja valikoima, kilpailukykyiset hinnat ja varaus 80 maassa.","robots":{"index":"index","follow":"follow","max-snippet":"max-snippet:-1","max-image-preview":"max-image-preview:large","max-video-preview":"max-video-preview:-1"},"canonical":"https:\/\/www.rentacarscanner.com\/fi\/","og_locale":"fi_FI","og_type":"article","og_title":"L\u00f6yd\u00e4 Paras Vuokra-Auto \u2013 Helppo Ja Nopea Varaus","og_description":"Vertaile hintoja ja varaa vuokra-auto sekunneissa Rentacarscannerilla. Laaja valikoima, kilpailukykyiset hinnat ja varaus 80 maassa.","og_url":"https:\/\/www.rentacarscanner.com\/fi\/","og_site_name":"Rentacarscanner","article_modified_time":"2025-07-08T16:26:10+00:00","twitter_card":"summary_large_image","twitter_misc":{"Arvioitu lukuaika":"3 minuuttia"},"schema":{"@context":"https:\/\/schema.org","@graph":[{"@type":"WebPage","@id":"https:\/\/www.rentacarscanner.com\/fi\/","url":"https:\/\/www.rentacarscanner.com\/fi\/","name":"L\u00f6yd\u00e4 Paras Vuokra-Auto \u2013 Helppo Ja Nopea Varaus","isPartOf":{"@id":"https:\/\/www.rentacarscanner.com\/fi\/#website"},"datePublished":"2023-05-21T00:40:54+00:00","dateModified":"2025-07-08T16:26:10+00:00","description":"Vertaile hintoja ja varaa vuokra-auto sekunneissa Rentacarscannerilla. Laaja valikoima, kilpailukykyiset hinnat ja varaus 80 maassa.","breadcrumb":{"@id":"https:\/\/www.rentacarscanner.com\/fi\/#breadcrumb"},"inLanguage":"fi","potentialAction":[{"@type":"ReadAction","target":["https:\/\/www.rentacarscanner.com\/fi\/"]}]},{"@type":"BreadcrumbList","@id":"https:\/\/www.rentacarscanner.com\/fi\/#breadcrumb","itemListElement":[{"@type":"ListItem","position":1,"name":"Home","item":"https:\/\/www.rentacarscanner.com\/fi\/"},{"@type":"ListItem","position":2,"name":"L\u00f6yd\u00e4 Ja Varaa T\u00e4ydellinen Vuokra-Auto"}]},{"@type":"WebSite","@id":"https:\/\/www.rentacarscanner.com\/fi\/#website","url":"https:\/\/www.rentacarscanner.com\/fi\/","name":"Rentacarscanner","description":"Worldwide Car Rental Bookings","potentialAction":[{"@type":"SearchAction","target":{"@type":"EntryPoint","urlTemplate":"https:\/\/www.rentacarscanner.com\/fi\/?s={search_term_string}"},"query-input":{"@type":"PropertyValueSpecification","valueRequired":true,"valueName":"search_term_string"}}],"inLanguage":"fi"}]}},"_links":{"self":[{"href":"https:\/\/www.rentacarscanner.com\/fi\/wp-json\/wp\/v2\/pages\/6242","targetHints":{"allow":["GET"]}}],"collection":[{"href":"https:\/\/www.rentacarscanner.com\/fi\/wp-json\/wp\/v2\/pages"}],"about":[{"href":"https:\/\/www.rentacarscanner.com\/fi\/wp-json\/wp\/v2\/types\/page"}],"author":[{"embeddable":true,"href":"https:\/\/www.rentacarscanner.com\/fi\/wp-json\/wp\/v2\/users\/1"}],"replies":[{"embeddable":true,"href":"https:\/\/www.rentacarscanner.com\/fi\/wp-json\/wp\/v2\/comments?post=6242"}],"version-history":[{"count":9,"href":"https:\/\/www.rentacarscanner.com\/fi\/wp-json\/wp\/v2\/pages\/6242\/revisions"}],"predecessor-version":[{"id":6251,"href":"https:\/\/www.rentacarscanner.com\/fi\/wp-json\/wp\/v2\/pages\/6242\/revisions\/6251"}],"wp:attachment":[{"href":"https:\/\/www.rentacarscanner.com\/fi\/wp-json\/wp\/v2\/media?parent=6242"}],"curies":[{"name":"wp","href":"https:\/\/api.w.org\/{rel}","templated":true}]}}